{"id":444,"date":"2021-02-03T18:47:47","date_gmt":"2021-02-03T16:47:47","guid":{"rendered":"https:\/\/kirant.fi\/?page_id=444"},"modified":"2022-06-07T11:00:58","modified_gmt":"2022-06-07T08:00:58","slug":"444-2","status":"publish","type":"page","link":"https:\/\/www.kirant.fi\/?page_id=444","title":{"rendered":"Kirant Services"},"content":{"rendered":"<p>[et_pb_section fb_built=&#8221;1&#8243; _builder_version=&#8221;4.16&#8243; min_height=&#8221;305px&#8221; custom_padding=&#8221;|3px||||&#8221; animation_style=&#8221;fade&#8221; box_shadow_style=&#8221;preset5&#8243; global_colors_info=&#8221;{}&#8221;][et_pb_row _builder_version=&#8221;4.16&#8243; background_size=&#8221;initial&#8221; background_position=&#8221;top_left&#8221; background_repeat=&#8221;repeat&#8221; global_colors_info=&#8221;{}&#8221;][et_pb_column type=&#8221;4_4&#8243; _builder_version=&#8221;4.16&#8243; custom_padding=&#8221;|||&#8221; global_colors_info=&#8221;{}&#8221; custom_padding__hover=&#8221;|||&#8221;][et_pb_blurb title=&#8221;Kirant Services 2021&#8243; _builder_version=&#8221;4.16&#8243; global_colors_info=&#8221;{}&#8221;]<\/p>\n<div class=\"entry-content\">\n<p>Ota yhteytt\u00e4 jos tarvitset yrityksess\u00e4si konsultointia liittyen ICT alaan, yrityksen prosesseihin ja KPI-lukuihin, laatuj\u00e4rjestelm\u00e4n kehitt\u00e4miseen tai yrityksen tietohallintaan.<\/p>\n<p>Tuotamme palveluna asiakkaillemme asiakkuudenhallinta- ja tuotannonohjaus j\u00e4rjestelmi\u00e4 avoimeen l\u00e4hdekoodiin perustuvilla ratkaisuille.<\/p>\n<p>Esimerkiksi perus CRM-j\u00e4rjestelm\u00e4n saa k\u00e4ytt\u00f6\u00f6n nopeasti ja edullisesti sill\u00e4 ohjelmisto on itsess\u00e4\u00e4n ilmainen. Tarjoamme ohjelmiston pilvest\u00e4mme sek\u00e4 ohjelmiston muokkaamisen tai lis\u00e4osien kehitt\u00e4misen palveluna. Ota yhteytt\u00e4!<\/p>\n<p>puhelin: <strong>+358 400 282908<\/strong><\/p>\n<p>email: <strong>asiakaspalvelu@kirant.fi<\/strong><\/p>\n<\/div>\n<p>[\/et_pb_blurb][\/et_pb_column][\/et_pb_row][\/et_pb_section]<\/p>\n","protected":false},"excerpt":{"rendered":"<p>Ota yhteytt\u00e4 jos tarvitset yrityksess\u00e4si konsultointia liittyen ICT alaan, yrityksen prosesseihin ja KPI-lukuihin, laatuj\u00e4rjestelm\u00e4n kehitt\u00e4miseen tai yrityksen tietohallintaan. Tuotamme palveluna asiakkaillemme asiakkuudenhallinta- ja tuotannonohjaus j\u00e4rjestelmi\u00e4 avoimeen l\u00e4hdekoodiin perustuvilla ratkaisuille. Esimerkiksi perus CRM-j\u00e4rjestelm\u00e4n saa k\u00e4ytt\u00f6\u00f6n nopeasti ja edullisesti sill\u00e4 ohjelmisto on itsess\u00e4\u00e4n ilmainen. Tarjoamme ohjelmiston pilvest\u00e4mme sek\u00e4 ohjelmiston muokkaamisen tai lis\u00e4osien kehitt\u00e4misen palveluna. Ota yhteytt\u00e4! puhelin: [&hellip;]<\/p>\n","protected":false},"author":1,"featured_media":0,"parent":0,"menu_order":0,"comment_status":"closed","ping_status":"closed","template":"","meta":{"_et_pb_use_builder":"on","_et_pb_old_content":"<!-- wp:group -->\r\n<div class=\"wp-block-group\">\r\n<div class=\"wp-block-group__inner-container\"><!-- wp:divi\/layout -->\r\n<div class=\"wp-block-divi-layout\">[et_pb_section fb_built=\"1\" _builder_version=\"4.8.2\" min_height=\"305px\" custom_padding=\"|3px||||\" hover_enabled=\"0\" box_shadow_style=\"preset5\" animation_style=\"fade\" sticky_enabled=\"0\"][et_pb_row _builder_version=\"3.25\" background_size=\"initial\" background_position=\"top_left\" background_repeat=\"repeat\"][et_pb_column type=\"4_4\" _builder_version=\"3.25\" custom_padding=\"|||\" custom_padding__hover=\"|||\"][et_pb_blurb title=\"Kirant Services 2021\" _builder_version=\"4.8.2\"]\r\n<div class=\"entry-content\">\r\n<p>Ota yhteytt\u00e4 jos tarvitset yrityksess\u00e4si konsultointia liittyen ICT alaan, yrityksen prosesseihin ja KPI-lukuihin, laatuj\u00e4rjestelm\u00e4n kehitt\u00e4miseen tai yrityksen tietohallintaan.<\/p>\r\n<p>Tuotamme palveluna asiakkaillemme asiakkuudenhallinta- ja tuotannonohjaus j\u00e4rjestelmi\u00e4 avoimeen l\u00e4hdekoodiin perustuvilla ratkaisuille.<\/p>\r\n<p>Esimerkiksi perus CRM-j\u00e4rjestelm\u00e4n saa k\u00e4ytt\u00f6\u00f6n nopeasti ja edullisesti sill\u00e4 ohjelmisto on itsess\u00e4\u00e4n ilmainen. Tarjoamme ohjelmiston pilvest\u00e4mme sek\u00e4 ohjelmiston muokkaamisen tai lis\u00e4osien kehitt\u00e4misen palveluna. Ota yhteytt\u00e4!<\/p>\r\n<p>puhelin: <strong>+358 400 282908<\/strong><\/p>\r\n<p>email: <strong>asiakaspalvelu@kirant.fi<\/strong><\/p>\r\n<\/div>\r\n[\/et_pb_blurb][\/et_pb_column][\/et_pb_row][\/et_pb_section]<\/div>\r\n<!-- \/wp:divi\/layout --><\/div>\r\n<\/div>\r\n<!-- \/wp:group -->","_et_gb_content_width":"","footnotes":""},"class_list":["post-444","page","type-page","status-publish","hentry"],"_links":{"self":[{"href":"https:\/\/www.kirant.fi\/index.php?rest_route=\/wp\/v2\/pages\/444","targetHints":{"allow":["GET"]}}],"collection":[{"href":"https:\/\/www.kirant.fi\/index.php?rest_route=\/wp\/v2\/pages"}],"about":[{"href":"https:\/\/www.kirant.fi\/index.php?rest_route=\/wp\/v2\/types\/page"}],"author":[{"embeddable":true,"href":"https:\/\/www.kirant.fi\/index.php?rest_route=\/wp\/v2\/users\/1"}],"replies":[{"embeddable":true,"href":"https:\/\/www.kirant.fi\/index.php?rest_route=%2Fwp%2Fv2%2Fcomments&post=444"}],"version-history":[{"count":14,"href":"https:\/\/www.kirant.fi\/index.php?rest_route=\/wp\/v2\/pages\/444\/revisions"}],"predecessor-version":[{"id":864,"href":"https:\/\/www.kirant.fi\/index.php?rest_route=\/wp\/v2\/pages\/444\/revisions\/864"}],"wp:attachment":[{"href":"https:\/\/www.kirant.fi\/index.php?rest_route=%2Fwp%2Fv2%2Fmedia&parent=444"}],"curies":[{"name":"wp","href":"https:\/\/api.w.org\/{rel}","templated":true}]}}