{"id":386,"date":"2018-04-02T17:49:19","date_gmt":"2018-04-02T14:49:19","guid":{"rendered":"https:\/\/www.kirant.fi\/?page_id=386"},"modified":"2023-07-22T08:31:07","modified_gmt":"2023-07-22T05:31:07","slug":"yritys","status":"publish","type":"page","link":"https:\/\/www.kirant.fi\/?page_id=386","title":{"rendered":"Yhteystiedot"},"content":{"rendered":"<p>[et_pb_section fb_built=&#8221;1&#8243; _builder_version=&#8221;4.16&#8243; min_height=&#8221;305px&#8221; custom_padding=&#8221;|3px||||&#8221; hover_enabled=&#8221;0&#8243; box_shadow_style=&#8221;preset5&#8243; global_colors_info=&#8221;{}&#8221; sticky_enabled=&#8221;0&#8243;][et_pb_row _builder_version=&#8221;4.16&#8243; _module_preset=&#8221;default&#8221; global_colors_info=&#8221;{}&#8221;][et_pb_column type=&#8221;4_4&#8243; _builder_version=&#8221;4.16&#8243; _module_preset=&#8221;default&#8221; global_colors_info=&#8221;{}&#8221;][et_pb_text _builder_version=&#8221;4.16&#8243; _module_preset=&#8221;default&#8221; text_text_color=&#8221;#E09900&#8243; text_font_size=&#8221;24px&#8221; global_colors_info=&#8221;{}&#8221;]<\/p>\n<p><strong>Yhteystiedot<\/strong><\/p>\n<p>[\/et_pb_text][\/et_pb_column][\/et_pb_row][et_pb_row column_structure=&#8221;1_3,1_3,1_3&#8243; _builder_version=&#8221;4.16&#8243; background_size=&#8221;initial&#8221; background_position=&#8221;top_left&#8221; background_repeat=&#8221;repeat&#8221; global_colors_info=&#8221;{}&#8221;][et_pb_column type=&#8221;1_3&#8243; _builder_version=&#8221;4.16&#8243; custom_padding=&#8221;|||&#8221; global_colors_info=&#8221;{}&#8221; custom_padding__hover=&#8221;|||&#8221;][et_pb_blurb title=&#8221;Osoitetiedot&#8221; use_icon=&#8221;on&#8221; font_icon=&#8221;&#xe107;||divi||400&#8243; icon_alignment=&#8221;left&#8221; _builder_version=&#8221;4.19.2&#8243; hover_enabled=&#8221;0&#8243; global_colors_info=&#8221;{}&#8221; sticky_enabled=&#8221;0&#8243;]<\/p>\n<p><strong>Kirant Group KG Oy<\/strong><\/p>\n<p>Koivukuja 8<br \/>37570 Lemp\u00e4\u00e4l\u00e4<br \/>Y-tunnus: 2624452-1<\/p>\n<p>&nbsp;<\/p>\n<p><strong>Yhteyshenkil\u00f6:<\/strong><br \/>Antti Simolin<br \/>+358 400 282 908<br \/>antti.simolin@kirant.fi<\/p>\n<p>&nbsp;<\/p>\n<p>[\/et_pb_blurb][\/et_pb_column][et_pb_column type=&#8221;1_3&#8243; _builder_version=&#8221;4.16&#8243; _module_preset=&#8221;default&#8221; global_colors_info=&#8221;{}&#8221;][et_pb_blurb title=&#8221;Verkkolaskut&#8221; use_icon=&#8221;on&#8221; font_icon=&#8221;&#xe0e3;||divi||400&#8243; icon_alignment=&#8221;left&#8221; font_icon_last_edited=&#8221;off|desktop&#8221; _builder_version=&#8221;4.17.3&#8243; global_colors_info=&#8221;{}&#8221; font_icon__hover_enabled=&#8221;off|desktop&#8221;]<\/p>\n<p>Kirant Group KG Oy<\/p>\n<p><strong>E-laskuosoite:<br \/><\/strong>003726244521\u00a0 OKOYFIHH<\/p>\n<p>[\/et_pb_blurb][\/et_pb_column][et_pb_column type=&#8221;1_3&#8243; _builder_version=&#8221;4.16&#8243; _module_preset=&#8221;default&#8221; global_colors_info=&#8221;{}&#8221;][et_pb_blurb title=&#8221;Paperilaskut&#8221; use_icon=&#8221;on&#8221; font_icon=&#8221;&#xe010;||divi||400&#8243; image_icon_background_color=&#8221;#FFFFFF&#8221; icon_alignment=&#8221;left&#8221; _builder_version=&#8221;4.17.3&#8243; _module_preset=&#8221;default&#8221; background_color=&#8221;#FFFFFF&#8221; global_colors_info=&#8221;{}&#8221;]<\/p>\n<p>Kirant Group KG Oy<br \/>Koivukuja 8<br \/>37570 LEMP\u00c4\u00c4L\u00c4<\/p>\n<p>[\/et_pb_blurb][\/et_pb_column][\/et_pb_row][\/et_pb_section]<\/p>\n","protected":false},"excerpt":{"rendered":"<p>YhteystiedotKirant Group KG Oy Koivukuja 837570 Lemp\u00e4\u00e4l\u00e4Y-tunnus: 2624452-1 &nbsp; Yhteyshenkil\u00f6:Antti Simolin+358 400 282 908antti.simolin@kirant.fi &nbsp;Kirant Group KG Oy E-laskuosoite:003726244521\u00a0 OKOYFIHHKirant Group KG OyKoivukuja 837570 LEMP\u00c4\u00c4L\u00c4<\/p>\n","protected":false},"author":1,"featured_media":0,"parent":0,"menu_order":0,"comment_status":"closed","ping_status":"closed","template":"","meta":{"_et_pb_use_builder":"on","_et_pb_old_content":"","_et_gb_content_width":"","footnotes":""},"class_list":["post-386","page","type-page","status-publish","hentry"],"_links":{"self":[{"href":"https:\/\/www.kirant.fi\/index.php?rest_route=\/wp\/v2\/pages\/386","targetHints":{"allow":["GET"]}}],"collection":[{"href":"https:\/\/www.kirant.fi\/index.php?rest_route=\/wp\/v2\/pages"}],"about":[{"href":"https:\/\/www.kirant.fi\/index.php?rest_route=\/wp\/v2\/types\/page"}],"author":[{"embeddable":true,"href":"https:\/\/www.kirant.fi\/index.php?rest_route=\/wp\/v2\/users\/1"}],"replies":[{"embeddable":true,"href":"https:\/\/www.kirant.fi\/index.php?rest_route=%2Fwp%2Fv2%2Fcomments&post=386"}],"version-history":[{"count":12,"href":"https:\/\/www.kirant.fi\/index.php?rest_route=\/wp\/v2\/pages\/386\/revisions"}],"predecessor-version":[{"id":894,"href":"https:\/\/www.kirant.fi\/index.php?rest_route=\/wp\/v2\/pages\/386\/revisions\/894"}],"wp:attachment":[{"href":"https:\/\/www.kirant.fi\/index.php?rest_route=%2Fwp%2Fv2%2Fmedia&parent=386"}],"curies":[{"name":"wp","href":"https:\/\/api.w.org\/{rel}","templated":true}]}}