{"id":151,"date":"2017-01-25T22:36:40","date_gmt":"2017-01-25T20:36:40","guid":{"rendered":"https:\/\/www.kirant.fi\/?page_id=151"},"modified":"2023-09-22T16:50:50","modified_gmt":"2023-09-22T13:50:50","slug":"kotisivu","status":"publish","type":"page","link":"https:\/\/www.kirant.fi\/","title":{"rendered":"Etusivu"},"content":{"rendered":"<p>[et_pb_section fb_built=&#8221;1&#8243; admin_label=&#8221;section&#8221; _builder_version=&#8221;4.19.2&#8243; background_color=&#8221;#fa7600&#8243; parallax=&#8221;on&#8221; parallax_method=&#8221;off&#8221; background_video_mp4=&#8221;https:\/\/www.kirant.fi\/\/wp-content\/uploads\/2017\/01\/shutterstock_v2167238.mp4&#8243; custom_padding=&#8221;117px|0px|109px|0px&#8221; hover_enabled=&#8221;0&#8243; global_colors_info=&#8221;{}&#8221; sticky_enabled=&#8221;0&#8243;][et_pb_row admin_label=&#8221;row&#8221; _builder_version=&#8221;4.16&#8243; background_color=&#8221;rgba(178,178,178,0)&#8221; background_size=&#8221;initial&#8221; background_position=&#8221;top_left&#8221; background_repeat=&#8221;repeat&#8221; max_width=&#8221;511px&#8221; use_custom_width=&#8221;on&#8221; custom_width_px=&#8221;511px&#8221; global_colors_info=&#8221;{}&#8221;][et_pb_column type=&#8221;4_4&#8243; _builder_version=&#8221;4.16&#8243; custom_padding=&#8221;|||&#8221; global_colors_info=&#8221;{}&#8221; custom_padding__hover=&#8221;|||&#8221;][et_pb_text admin_label=&#8221;Eusivun johdantoteksti&#8221; _builder_version=&#8221;4.16&#8243; text_font=&#8221;|on|||&#8221; text_font_size=&#8221;17px&#8221; background_color=&#8221;rgba(0,0,0,0)&#8221; background_size=&#8221;initial&#8221; background_position=&#8221;top_left&#8221; background_repeat=&#8221;repeat&#8221; text_orientation=&#8221;center&#8221; background_layout=&#8221;dark&#8221; module_alignment=&#8221;center&#8221; global_colors_info=&#8221;{}&#8221;]<\/p>\n<p>Tarjoamme ohjelmistosuunnittelua ja siihen liittyvi\u00e4 palveluja tilausty\u00f6n\u00e4 sek\u00e4 alihankintana edullisesti, nopeasti ja luotettavasti kymmenien vuosien kokemuksella.<\/p>\n<p>[\/et_pb_text][et_pb_accordion open_toggle_text_color=&#8221;#ffffff&#8221; open_toggle_background_color=&#8221;rgba(28,28,28,0.48)&#8221; closed_toggle_text_color=&#8221;#ffffff&#8221; closed_toggle_background_color=&#8221;rgba(198,122,0,0.13)&#8221; admin_label=&#8221;Osaamisprofiilin haitari&#8221; _builder_version=&#8221;4.17.3&#8243; toggle_font=&#8221;|on|||&#8221; toggle_font_size=&#8221;18px&#8221; body_text_color=&#8221;#ffffff&#8221; body_font_size=&#8221;15px&#8221; body_line_height=&#8221;1em&#8221; border_width_all=&#8221;3px&#8221; border_color_all=&#8221;#d9d9d9&#8243; border_style_all=&#8221;ridge&#8221; use_border_color=&#8221;on&#8221; border_width=&#8221;3px&#8221; border_style=&#8221;ridge&#8221; global_colors_info=&#8221;{}&#8221;][et_pb_accordion_item title=&#8221;Ohjelmistosuunnittelu&#8221; open=&#8221;on&#8221; _builder_version=&#8221;4.16&#8243; background_size=&#8221;initial&#8221; background_position=&#8221;top_left&#8221; background_repeat=&#8221;repeat&#8221; global_colors_info=&#8221;{}&#8221;]<\/p>\n<p><em>Ohjelmistosuunnittelupalvelujamme ovat mm:<\/em><\/p>\n<ul>\n<li>Vaatimusm\u00e4\u00e4rittely<\/li>\n<li>J\u00e4rjestelm\u00e4suunnittelu<\/li>\n<li>Tietokantasuunnittelu<\/li>\n<li>Ohjelmointi ja koodaus<\/li>\n<li>Testaus<\/li>\n<li>Sulautetut ohjelmistot<\/li>\n<li>IOT (esineiden internet)<\/li>\n<\/ul>\n<p>[\/et_pb_accordion_item][et_pb_accordion_item title=&#8221;K\u00e4ytettyj\u00e4 ohjelmointitekniikoita&#8221; _builder_version=&#8221;4.16&#8243; background_size=&#8221;initial&#8221; background_position=&#8221;top_left&#8221; background_repeat=&#8221;repeat&#8221; global_colors_info=&#8221;{}&#8221; open=&#8221;off&#8221;]<\/p>\n<ul>\n<li>PHP<\/li>\n<li>SQL<\/li>\n<li>C\/C++, C#<\/li>\n<li>Visual Basic<\/li>\n<li>Javascript (jQuery, AJAX, Angular)<\/li>\n<li>Python (Django)<\/li>\n<li>MYSQL, MSSQL, Postgres, MariaDB<\/li>\n<li>Ryby and Ruby on Rails<\/li>\n<\/ul>\n<p>[\/et_pb_accordion_item][et_pb_accordion_item title=&#8221;K\u00e4ytetyt ohjelmisto- ja sovellusalustat&#8221; _builder_version=&#8221;4.17.3&#8243; background_size=&#8221;initial&#8221; background_position=&#8221;top_left&#8221; background_repeat=&#8221;repeat&#8221; global_colors_info=&#8221;{}&#8221; open=&#8221;off&#8221;]<\/p>\n<p><strong>PHP: <\/strong><\/p>\n<ul>\n<li>SugarCRM<\/li>\n<li>SuiteCRM<\/li>\n<li>Yii<\/li>\n<li>PHPCake<\/li>\n<\/ul>\n<p><strong>Ruby on Rails:<\/strong><\/p>\n<ul>\n<li>ThingSpeak (esineiden internet)<\/li>\n<\/ul>\n<p><strong>Rasberry Pi + linux<\/strong><\/p>\n<p>[\/et_pb_accordion_item][\/et_pb_accordion][\/et_pb_column][\/et_pb_row][\/et_pb_section]<\/p>\n","protected":false},"excerpt":{"rendered":"<p>Tarjoamme ohjelmistosuunnittelua ja siihen liittyvi\u00e4 palveluja tilausty\u00f6n\u00e4 sek\u00e4 alihankintana edullisesti, nopeasti ja luotettavasti kymmenien vuosien kokemuksella.Ohjelmistosuunnittelupalvelujamme ovat mm:Vaatimusm\u00e4\u00e4rittelyJ\u00e4rjestelm\u00e4suunnitteluTietokantasuunnitteluOhjelmointi ja koodausTestausSulautetut ohjelmistotIOT (esineiden internet)PHPSQLC\/C++, C#Visual BasicJavascript (jQuery, AJAX, Angular)Python (Django)MYSQL, MSSQL, Postgres, MariaDBRyby and Ruby on RailsPHP: SugarCRM SuiteCRM Yii PHPCake Ruby on Rails: ThingSpeak (esineiden internet) Rasberry Pi + linux<\/p>\n","protected":false},"author":1,"featured_media":0,"parent":0,"menu_order":0,"comment_status":"closed","ping_status":"closed","template":"","meta":{"_et_pb_use_builder":"on","_et_pb_old_content":"<p>heippa<\/p>","_et_gb_content_width":"","footnotes":""},"class_list":["post-151","page","type-page","status-publish","hentry"],"_links":{"self":[{"href":"https:\/\/www.kirant.fi\/index.php?rest_route=\/wp\/v2\/pages\/151","targetHints":{"allow":["GET"]}}],"collection":[{"href":"https:\/\/www.kirant.fi\/index.php?rest_route=\/wp\/v2\/pages"}],"about":[{"href":"https:\/\/www.kirant.fi\/index.php?rest_route=\/wp\/v2\/types\/page"}],"author":[{"embeddable":true,"href":"https:\/\/www.kirant.fi\/index.php?rest_route=\/wp\/v2\/users\/1"}],"replies":[{"embeddable":true,"href":"https:\/\/www.kirant.fi\/index.php?rest_route=%2Fwp%2Fv2%2Fcomments&post=151"}],"version-history":[{"count":29,"href":"https:\/\/www.kirant.fi\/index.php?rest_route=\/wp\/v2\/pages\/151\/revisions"}],"predecessor-version":[{"id":895,"href":"https:\/\/www.kirant.fi\/index.php?rest_route=\/wp\/v2\/pages\/151\/revisions\/895"}],"wp:attachment":[{"href":"https:\/\/www.kirant.fi\/index.php?rest_route=%2Fwp%2Fv2%2Fmedia&parent=151"}],"curies":[{"name":"wp","href":"https:\/\/api.w.org\/{rel}","templated":true}]}}